{"id":39,"date":"2025-10-10T10:21:50","date_gmt":"2025-10-10T10:21:50","guid":{"rendered":"http:\/\/www.vefademircelik.com\/?page_id=39"},"modified":"2025-10-10T10:21:50","modified_gmt":"2025-10-10T10:21:50","slug":"iletisim","status":"publish","type":"page","link":"https:\/\/vefademircelik.com\/?page_id=39","title":{"rendered":"\u0130leti\u015fim"},"content":{"rendered":"\n<div class=\"wp-block-group wow animate__animated animate__fadeInUp has-global-padding is-layout-constrained wp-block-group-is-layout-constrained\" style=\"margin-top:0;margin-bottom:0;padding-top:var(--wp--preset--spacing--50);padding-bottom:var(--wp--preset--spacing--50)\">\n<div class=\"wp-block-columns are-vertically-aligned-center is-layout-flex wp-container-core-columns-is-layout-7fc3d43a wp-block-columns-is-layout-flex\">\n<div class=\"wp-block-column is-vertically-aligned-center wow animate__animated animate__fadeInUp is-layout-flow wp-block-column-is-layout-flow\" style=\"flex-basis:45%\">\n<div class=\"wp-block-group has-global-padding is-layout-constrained wp-block-group-is-layout-constrained\" style=\"margin-top:0;margin-bottom:0;padding-top:0;padding-bottom:0\">\n<h2 class=\"wp-block-heading has-text-align-left has-body-font-family\" style=\"margin-top:0;font-size:clamp(20px, 1.25rem + ((1vw - 3.2px) * 1.463), 32px);font-style:normal;font-weight:500;line-height:1.2\">Bize Ula\u015f\u0131n<\/h2>\n\n\n\n<p>\u0130ncilip\u0131nar Mah. Gazi Muhtar Pa\u015fa Blv. Buhara \u0130\u015f Merkezi, No: 24 &#8211; A BLOK KAT 6 KAPI NO: 73 27510 &#8211; \u015eehitkamil\/Gaziantep<\/p>\n\n\n\n<p style=\"margin-top:10px;margin-bottom:0\">+90 533 577 72 27<\/p>\n\n\n\n<p style=\"margin-top:10px;margin-bottom:0\">info@vefademircelik.com<\/p>\n\n\n\n<div class=\"wp-block-buttons is-content-justification-left is-layout-flex wp-container-core-buttons-is-layout-bdd95141 wp-block-buttons-is-layout-flex\" style=\"margin-top:var(--wp--preset--spacing--30)\">\n<div class=\"wp-block-button\"><a class=\"wp-block-button__link has-primary-background-color has-background wp-element-button\" style=\"padding-top:var(--wp--preset--spacing--10);padding-right:var(--wp--preset--spacing--40);padding-bottom:var(--wp--preset--spacing--10);padding-left:var(--wp--preset--spacing--40)\">Hemen Ara!<\/a><\/div>\n<\/div>\n<\/div>\n<\/div>\n\n\n\n<div class=\"wp-block-column is-vertically-aligned-center wow animate__animated animate__fadeInUp is-layout-flow wp-block-column-is-layout-flow\">\n<figure class=\"wp-block-image size-large has-custom-border\"><img decoding=\"async\" src=\"http:\/\/www.vefademircelik.com\/wp-content\/themes\/agencygrove\/assets\/images\/about.jpg\" alt=\"\" class=\"wp-image-82\" style=\"border-radius:8px\"\/><\/figure>\n<\/div>\n<\/div>\n<\/div>\n","protected":false},"excerpt":{"rendered":"<p>Bize Ula\u015f\u0131n \u0130ncilip\u0131nar Mah. Gazi Muhtar Pa\u015fa Blv. Buhara \u0130\u015f Merkezi, No: 24 &#8211; A BLOK KAT 6 KAPI NO: 73 27510 &#8211; \u015eehitkamil\/Gaziantep +90 533 577 72 27 info@vefademircelik.com<\/p>\n","protected":false},"author":1,"featured_media":0,"parent":0,"menu_order":0,"comment_status":"closed","ping_status":"closed","template":"","meta":{"footnotes":""},"class_list":["post-39","page","type-page","status-publish","hentry"],"_links":{"self":[{"href":"https:\/\/vefademircelik.com\/index.php?rest_route=\/wp\/v2\/pages\/39","targetHints":{"allow":["GET"]}}],"collection":[{"href":"https:\/\/vefademircelik.com\/index.php?rest_route=\/wp\/v2\/pages"}],"about":[{"href":"https:\/\/vefademircelik.com\/index.php?rest_route=\/wp\/v2\/types\/page"}],"author":[{"embeddable":true,"href":"https:\/\/vefademircelik.com\/index.php?rest_route=\/wp\/v2\/users\/1"}],"replies":[{"embeddable":true,"href":"https:\/\/vefademircelik.com\/index.php?rest_route=%2Fwp%2Fv2%2Fcomments&post=39"}],"version-history":[{"count":1,"href":"https:\/\/vefademircelik.com\/index.php?rest_route=\/wp\/v2\/pages\/39\/revisions"}],"predecessor-version":[{"id":40,"href":"https:\/\/vefademircelik.com\/index.php?rest_route=\/wp\/v2\/pages\/39\/revisions\/40"}],"wp:attachment":[{"href":"https:\/\/vefademircelik.com\/index.php?rest_route=%2Fwp%2Fv2%2Fmedia&parent=39"}],"curies":[{"name":"wp","href":"https:\/\/api.w.org\/{rel}","templated":true}]}}