{"id":27,"date":"2025-10-10T10:17:59","date_gmt":"2025-10-10T10:17:59","guid":{"rendered":"http:\/\/www.vefademircelik.com\/?page_id=27"},"modified":"2025-10-10T10:17:59","modified_gmt":"2025-10-10T10:17:59","slug":"hakkimizda","status":"publish","type":"page","link":"https:\/\/vefademircelik.com\/?page_id=27","title":{"rendered":"Hakk\u0131m\u0131zda"},"content":{"rendered":"\n<div class=\"wp-block-cover has-parallax\" style=\"margin-top:0;margin-bottom:0\"><div class=\"wp-block-cover__image-background wp-image-6 has-parallax\" style=\"background-position:50% 50%;background-image:url(http:\/\/www.vefademircelik.com\/wp-content\/themes\/agencygrove\/assets\/images\/patterns.webp)\"><\/div><span aria-hidden=\"true\" class=\"wp-block-cover__background has-secondary-background-color has-background-dim-90 has-background-dim\"><\/span><div class=\"wp-block-cover__inner-container is-layout-flow wp-block-cover-is-layout-flow\">\n<div class=\"wp-block-group has-global-padding is-layout-constrained wp-block-group-is-layout-constrained\" style=\"margin-top:0;margin-bottom:0;padding-top:var(--wp--preset--spacing--50);padding-bottom:var(--wp--preset--spacing--50)\">\n<div class=\"wp-block-columns has-base-2-background-color has-background is-layout-flex wp-container-core-columns-is-layout-5ca71832 wp-block-columns-is-layout-flex\" style=\"border-radius:8px;margin-top:0;margin-bottom:0\">\n<div class=\"wp-block-column wow animate__animated animate__fadeInUp is-layout-flow wp-block-column-is-layout-flow\">\n<div class=\"wp-block-group has-global-padding is-layout-constrained wp-container-core-group-is-layout-72190d31 wp-block-group-is-layout-constrained\" style=\"margin-top:0;margin-bottom:0;padding-top:0;padding-right:0;padding-bottom:0;padding-left:0\">\n<h2 class=\"wp-block-heading has-text-align-left has-contrast-color has-text-color has-link-color has-body-font-family wp-elements-0b9f1a0eee13d3eacabfcd5654e3b455\" style=\"margin-top:0;font-size:clamp(20px, 1.25rem + ((1vw - 3.2px) * 1.463), 32px);font-style:normal;font-weight:500;line-height:1.2\">Vefa Demir \u00c7elik, <\/h2>\n\n\n\n<p>1992 y\u0131l\u0131nda kurulmu\u015f olup demir-\u00e7elik sekt\u00f6r\u00fcnde faaliyet g\u00f6stermeye ba\u015flad\u0131\u011f\u0131 g\u00fcnden bu yana kalite, g\u00fcven ve m\u00fc\u015fteri memnuniyetini \u00f6n planda tutarak yoluna devam etmektedir. <\/p>\n\n\n\n<p>Sekt\u00f6rdeki y\u0131llar\u0131n vermi\u015f oldu\u011fu bilgi birikimi ve deneyim ile her ge\u00e7en g\u00fcn kendini geli\u015ftiren firmam\u0131z, teknolojiyi yak\u0131ndan takip ederek modern \u00fcretim ve hizmet anlay\u0131\u015f\u0131yla m\u00fc\u015fterilerine en iyi \u00e7\u00f6z\u00fcmleri sunmay\u0131 hedeflemektedir.<\/p>\n\n\n\n<p>Kalite standartlar\u0131na uygun \u00fcr\u00fcn yelpazemiz, uzman kadromuz ve g\u00fc\u00e7l\u00fc lojistik a\u011f\u0131m\u0131z sayesinde m\u00fc\u015fterilerimize g\u00fcvenilir, h\u0131zl\u0131 ve s\u00fcrd\u00fcr\u00fclebilir hizmet sa\u011fl\u0131yoruz.<\/p>\n\n\n\n<p>Kurulu\u015fumuzdan bu yana edindi\u011fimiz tecr\u00fcbe ve de\u011ferlerimizle, yaln\u0131zca bug\u00fcn\u00fcn de\u011fil, gelece\u011fin de g\u00fc\u00e7l\u00fc projelerine katk\u0131 sa\u011flamay\u0131 kendimize misyon edindik.<\/p>\n\n\n\n<p>Vefa Demir \u00c7elik \u2013 G\u00fcc\u00fcn\u00fc ge\u00e7mi\u015ften al\u0131r, gelece\u011fe ta\u015f\u0131r.<\/p>\n<\/div>\n<\/div>\n\n\n\n<div class=\"wp-block-column is-vertically-aligned-center wow animate__animated animate__fadeInUp is-layout-flow wp-block-column-is-layout-flow\" style=\"padding-top:0;padding-right:0;padding-bottom:0;padding-left:0\">\n<figure class=\"wp-block-image size-large has-custom-border\"><img decoding=\"async\" src=\"http:\/\/www.vefademircelik.com\/wp-content\/themes\/agencygrove\/assets\/images\/banner.jpg\" alt=\"\" class=\"wp-image-23\" style=\"border-radius:8px\"\/><\/figure>\n<\/div>\n<\/div>\n<\/div>\n<\/div><\/div>\n\n\n\n<div class=\"wp-block-group wow animate__animated animate__fadeInUp has-base-background-color has-background has-global-padding is-layout-constrained wp-block-group-is-layout-constrained\" style=\"margin-top:0;margin-bottom:0;padding-top:var(--wp--preset--spacing--50);padding-bottom:var(--wp--preset--spacing--50)\">\n<div class=\"wp-block-group has-global-padding is-layout-constrained wp-block-group-is-layout-constrained\" style=\"margin-top:0;margin-bottom:0;padding-top:0;padding-bottom:0\">\n<h3 class=\"wp-block-heading has-text-align-center has-body-font-family\" style=\"margin-top:0;font-size:clamp(20px, 1.25rem + ((1vw - 3.2px) * 1.463), 32px);font-style:normal;font-weight:500;line-height:1.4\"><strong>\u00c7\u00f6z\u00fcm Odakl\u0131 Hizmet Anlay\u0131\u015f\u0131m\u0131z<\/strong><br>Sizin \u0130\u00e7in Neler Yapabiliriz?<\/h3>\n<\/div>\n\n\n\n<div class=\"wp-block-columns is-layout-flex wp-container-core-columns-is-layout-328c6305 wp-block-columns-is-layout-flex\" style=\"padding-top:var(--wp--preset--spacing--30)\">\n<div class=\"wp-block-column wow animate__animated animate__zoomIn animate__delay-1s is-layout-flow wp-block-column-is-layout-flow\" style=\"padding-top:0;padding-right:0;padding-bottom:0;padding-left:0\">\n<div class=\"wp-block-group has-border-color has-base-2-background-color has-background has-global-padding is-layout-constrained wp-container-core-group-is-layout-80fb368b wp-block-group-is-layout-constrained\" style=\"border-color:#f5f5f585;border-width:1px;border-radius:8px;padding-top:var(--wp--preset--spacing--30);padding-right:var(--wp--preset--spacing--30);padding-bottom:var(--wp--preset--spacing--30);padding-left:var(--wp--preset--spacing--30)\">\n<div class=\"wp-block-group small-icon has-secondary-background-color has-background has-global-padding is-content-justification-center is-layout-constrained wp-container-core-group-is-layout-53dde59a wp-block-group-is-layout-constrained\" style=\"padding-top:var(--wp--preset--spacing--20);padding-right:var(--wp--preset--spacing--20);padding-bottom:var(--wp--preset--spacing--20);padding-left:var(--wp--preset--spacing--20)\">\n<figure class=\"wp-block-image aligncenter size-full wp-duotone-ffffff-ffffff-1\"><img loading=\"lazy\" decoding=\"async\" width=\"1000\" height=\"1000\" src=\"http:\/\/www.vefademircelik.com\/wp-content\/uploads\/2025\/10\/vefa-demir-celik-3.png\" alt=\"\" class=\"wp-image-31\" style=\"object-fit:cover\" srcset=\"https:\/\/vefademircelik.com\/wp-content\/uploads\/2025\/10\/vefa-demir-celik-3.png 1000w, https:\/\/vefademircelik.com\/wp-content\/uploads\/2025\/10\/vefa-demir-celik-3-300x300.png 300w, https:\/\/vefademircelik.com\/wp-content\/uploads\/2025\/10\/vefa-demir-celik-3-150x150.png 150w, https:\/\/vefademircelik.com\/wp-content\/uploads\/2025\/10\/vefa-demir-celik-3-768x768.png 768w\" sizes=\"auto, (max-width: 1000px) 100vw, 1000px\" \/><\/figure>\n<\/div>\n\n\n\n<h3 class=\"wp-block-heading has-text-align-center\" style=\"font-size:clamp(14.082px, 0.88rem + ((1vw - 3.2px) * 0.844), 21px);font-style:normal;font-weight:500\">Projelendirme ve Dan\u0131\u015fmanl\u0131k<\/h3>\n\n\n\n<p class=\"has-text-align-center\">Projelerinizin statik hesaplamalar\u0131ndan 3D modellemesine kadar t\u00fcm m\u00fchendislik ve tasar\u0131m s\u00fcre\u00e7lerinde size yol g\u00f6steriyoruz. Fikirden ger\u00e7e\u011fe en do\u011fru ve en verimli yolu birlikte planlayal\u0131m.<\/p>\n<\/div>\n<\/div>\n\n\n\n<div class=\"wp-block-column wow animate__animated animate__zoomIn is-layout-flow wp-block-column-is-layout-flow\">\n<div class=\"wp-block-group has-border-color has-base-2-background-color has-background has-global-padding is-layout-constrained wp-container-core-group-is-layout-80fb368b wp-block-group-is-layout-constrained\" style=\"border-color:#f5f5f585;border-width:1px;border-radius:8px;padding-top:var(--wp--preset--spacing--30);padding-right:var(--wp--preset--spacing--30);padding-bottom:var(--wp--preset--spacing--30);padding-left:var(--wp--preset--spacing--30)\">\n<div class=\"wp-block-group small-icon has-background has-global-padding is-content-justification-center is-layout-constrained wp-container-core-group-is-layout-53dde59a wp-block-group-is-layout-constrained\" style=\"background-color:#2cac61;padding-top:var(--wp--preset--spacing--20);padding-right:var(--wp--preset--spacing--20);padding-bottom:var(--wp--preset--spacing--20);padding-left:var(--wp--preset--spacing--20)\">\n<figure class=\"wp-block-image aligncenter size-full is-resized wp-duotone-ffffff-ffffff-2\"><img loading=\"lazy\" decoding=\"async\" width=\"1000\" height=\"1000\" src=\"http:\/\/www.vefademircelik.com\/wp-content\/uploads\/2025\/10\/vefa-demir-celik-4.png\" alt=\"\" class=\"wp-image-32\" style=\"object-fit:cover;width:35px;height:auto\" srcset=\"https:\/\/vefademircelik.com\/wp-content\/uploads\/2025\/10\/vefa-demir-celik-4.png 1000w, https:\/\/vefademircelik.com\/wp-content\/uploads\/2025\/10\/vefa-demir-celik-4-300x300.png 300w, https:\/\/vefademircelik.com\/wp-content\/uploads\/2025\/10\/vefa-demir-celik-4-150x150.png 150w, https:\/\/vefademircelik.com\/wp-content\/uploads\/2025\/10\/vefa-demir-celik-4-768x768.png 768w\" sizes=\"auto, (max-width: 1000px) 100vw, 1000px\" \/><\/figure>\n<\/div>\n\n\n\n<h3 class=\"wp-block-heading has-text-align-center\" style=\"font-size:clamp(14.082px, 0.88rem + ((1vw - 3.2px) * 0.844), 21px);font-style:normal;font-weight:500\">\u00c7elik Konstr\u00fcksiyon<\/h3>\n\n\n\n<p class=\"has-text-align-center\">End\u00fcstriyel tesisler, fabrikalar, depolar ve \u00f6zel yap\u0131lar i\u00e7in A&#8217;dan Z&#8217;ye \u00e7elik konstr\u00fcksiyon imalat\u0131 yap\u0131yoruz. Sa\u011flaml\u0131\u011f\u0131 ve esteti\u011fi bir araya getiren yap\u0131lar in\u015fa ediyoruz.<\/p>\n<\/div>\n<\/div>\n\n\n\n<div class=\"wp-block-column wow animate__animated animate__zoomIn is-layout-flow wp-block-column-is-layout-flow\">\n<div class=\"wp-block-group has-border-color has-base-2-background-color has-background has-global-padding is-layout-constrained wp-container-core-group-is-layout-80fb368b wp-block-group-is-layout-constrained\" style=\"border-color:#f5f5f585;border-width:1px;border-radius:8px;padding-top:var(--wp--preset--spacing--30);padding-right:var(--wp--preset--spacing--30);padding-bottom:var(--wp--preset--spacing--30);padding-left:var(--wp--preset--spacing--30)\">\n<div class=\"wp-block-group small-icon has-background has-global-padding is-content-justification-center is-layout-constrained wp-container-core-group-is-layout-53dde59a wp-block-group-is-layout-constrained\" style=\"background-color:#c2b100;padding-top:var(--wp--preset--spacing--20);padding-right:var(--wp--preset--spacing--20);padding-bottom:var(--wp--preset--spacing--20);padding-left:var(--wp--preset--spacing--20)\">\n<figure class=\"wp-block-image aligncenter size-full is-resized wp-duotone-ffffff-ffffff-3\"><img loading=\"lazy\" decoding=\"async\" width=\"1000\" height=\"1000\" src=\"http:\/\/www.vefademircelik.com\/wp-content\/uploads\/2025\/10\/vefa-demir-celik-5.png\" alt=\"\" class=\"wp-image-33\" style=\"object-fit:cover;width:35px;height:auto\" srcset=\"https:\/\/vefademircelik.com\/wp-content\/uploads\/2025\/10\/vefa-demir-celik-5.png 1000w, https:\/\/vefademircelik.com\/wp-content\/uploads\/2025\/10\/vefa-demir-celik-5-300x300.png 300w, https:\/\/vefademircelik.com\/wp-content\/uploads\/2025\/10\/vefa-demir-celik-5-150x150.png 150w, https:\/\/vefademircelik.com\/wp-content\/uploads\/2025\/10\/vefa-demir-celik-5-768x768.png 768w\" sizes=\"auto, (max-width: 1000px) 100vw, 1000px\" \/><\/figure>\n<\/div>\n\n\n\n<h3 class=\"wp-block-heading has-text-align-center\" style=\"font-size:clamp(14.082px, 0.88rem + ((1vw - 3.2px) * 0.844), 21px);font-style:normal;font-weight:500\">CNC Lazer &amp; Plazma Kesim<\/h3>\n\n\n\n<p class=\"has-text-align-center\">Milimetrik hassasiyet gerektiren en karma\u015f\u0131k par\u00e7alar\u0131 bile modern CNC teknolojimizle kusursuzca kesiyoruz. H\u0131zl\u0131, firesiz ve p\u00fcr\u00fczs\u00fcz kesim \u00e7\u00f6z\u00fcmleri sunuyoruz.<\/p>\n<\/div>\n<\/div>\n<\/div>\n\n\n\n<div class=\"wp-block-columns is-layout-flex wp-container-core-columns-is-layout-e79a657b wp-block-columns-is-layout-flex\" style=\"padding-top:0\">\n<div class=\"wp-block-column wow animate__animated animate__zoomIn is-layout-flow wp-block-column-is-layout-flow\" style=\"padding-top:0;padding-right:0;padding-bottom:0;padding-left:0\">\n<div class=\"wp-block-group has-border-color has-base-2-background-color has-background has-global-padding is-layout-constrained wp-container-core-group-is-layout-80fb368b wp-block-group-is-layout-constrained\" style=\"border-color:#f5f5f585;border-width:1px;border-radius:8px;padding-top:var(--wp--preset--spacing--30);padding-right:var(--wp--preset--spacing--30);padding-bottom:var(--wp--preset--spacing--30);padding-left:var(--wp--preset--spacing--30)\">\n<div class=\"wp-block-group small-icon has-background has-global-padding is-content-justification-center is-layout-constrained wp-container-core-group-is-layout-53dde59a wp-block-group-is-layout-constrained\" style=\"background-color:#d93dd2;padding-top:var(--wp--preset--spacing--20);padding-right:var(--wp--preset--spacing--20);padding-bottom:var(--wp--preset--spacing--20);padding-left:var(--wp--preset--spacing--20)\">\n<figure class=\"wp-block-image aligncenter size-full is-resized wp-duotone-ffffff-ffffff-4\"><img loading=\"lazy\" decoding=\"async\" width=\"1000\" height=\"1000\" src=\"http:\/\/www.vefademircelik.com\/wp-content\/uploads\/2025\/10\/vefa-demir-celik-6.png\" alt=\"\" class=\"wp-image-34\" style=\"object-fit:cover;width:35px;height:auto\" srcset=\"https:\/\/vefademircelik.com\/wp-content\/uploads\/2025\/10\/vefa-demir-celik-6.png 1000w, https:\/\/vefademircelik.com\/wp-content\/uploads\/2025\/10\/vefa-demir-celik-6-300x300.png 300w, https:\/\/vefademircelik.com\/wp-content\/uploads\/2025\/10\/vefa-demir-celik-6-150x150.png 150w, https:\/\/vefademircelik.com\/wp-content\/uploads\/2025\/10\/vefa-demir-celik-6-768x768.png 768w\" sizes=\"auto, (max-width: 1000px) 100vw, 1000px\" \/><\/figure>\n<\/div>\n\n\n\n<h3 class=\"wp-block-heading has-text-align-center\" style=\"font-size:clamp(14.082px, 0.88rem + ((1vw - 3.2px) * 0.844), 21px);font-style:normal;font-weight:500\">Sac \u0130\u015fleme (Abkant &amp; Giyotin)<\/h3>\n\n\n\n<p class=\"has-text-align-center\">Y\u00fcksek kapasiteli abkant pres ve giyotin makaslar\u0131m\u0131zla her kal\u0131nl\u0131ktaki sac levhalara istedi\u011finiz formu veriyoruz. Hassas b\u00fck\u00fcm ve kesim ihtiya\u00e7lar\u0131n\u0131z i\u00e7in buraday\u0131z.<\/p>\n<\/div>\n<\/div>\n\n\n\n<div class=\"wp-block-column wow animate__animated animate__zoomIn is-layout-flow wp-block-column-is-layout-flow\">\n<div class=\"wp-block-group has-border-color has-base-2-background-color has-background has-global-padding is-layout-constrained wp-container-core-group-is-layout-80fb368b wp-block-group-is-layout-constrained\" style=\"border-color:#f5f5f585;border-width:1px;border-radius:8px;padding-top:var(--wp--preset--spacing--30);padding-right:var(--wp--preset--spacing--30);padding-bottom:var(--wp--preset--spacing--30);padding-left:var(--wp--preset--spacing--30)\">\n<div class=\"wp-block-group small-icon has-background has-global-padding is-content-justification-center is-layout-constrained wp-container-core-group-is-layout-53dde59a wp-block-group-is-layout-constrained\" style=\"background-color:#a60808;padding-top:var(--wp--preset--spacing--20);padding-right:var(--wp--preset--spacing--20);padding-bottom:var(--wp--preset--spacing--20);padding-left:var(--wp--preset--spacing--20)\">\n<figure class=\"wp-block-image aligncenter size-full is-resized wp-duotone-ffffff-ffffff-5\"><img loading=\"lazy\" decoding=\"async\" width=\"1000\" height=\"1000\" src=\"http:\/\/www.vefademircelik.com\/wp-content\/uploads\/2025\/10\/vefa-demir-celik-7.png\" alt=\"\" class=\"wp-image-35\" style=\"object-fit:cover;width:35px;height:auto\" srcset=\"https:\/\/vefademircelik.com\/wp-content\/uploads\/2025\/10\/vefa-demir-celik-7.png 1000w, https:\/\/vefademircelik.com\/wp-content\/uploads\/2025\/10\/vefa-demir-celik-7-300x300.png 300w, https:\/\/vefademircelik.com\/wp-content\/uploads\/2025\/10\/vefa-demir-celik-7-150x150.png 150w, https:\/\/vefademircelik.com\/wp-content\/uploads\/2025\/10\/vefa-demir-celik-7-768x768.png 768w\" sizes=\"auto, (max-width: 1000px) 100vw, 1000px\" \/><\/figure>\n<\/div>\n\n\n\n<h3 class=\"wp-block-heading has-text-align-center\" style=\"font-size:clamp(14.082px, 0.88rem + ((1vw - 3.2px) * 0.844), 21px);font-style:normal;font-weight:500\">Kaynakl\u0131 \u0130malat<\/h3>\n\n\n\n<p class=\"has-text-align-center\">Sertifikal\u0131 kaynak\u00e7\u0131lar\u0131m\u0131z ve modern kaynak teknolojilerimiz ile projelerinizin gerektirdi\u011fi t\u00fcm birle\u015ftirme i\u015flemlerini en y\u00fcksek sa\u011flaml\u0131k standartlar\u0131nda ger\u00e7ekle\u015ftiriyoruz.<\/p>\n<\/div>\n<\/div>\n\n\n\n<div class=\"wp-block-column wow animate__animated animate__zoomIn animate__delay-1s is-layout-flow wp-block-column-is-layout-flow\">\n<div class=\"wp-block-group has-border-color has-base-2-background-color has-background has-global-padding is-layout-constrained wp-container-core-group-is-layout-80fb368b wp-block-group-is-layout-constrained\" style=\"border-color:#f5f5f585;border-width:1px;border-radius:8px;padding-top:var(--wp--preset--spacing--30);padding-right:var(--wp--preset--spacing--30);padding-bottom:var(--wp--preset--spacing--30);padding-left:var(--wp--preset--spacing--30)\">\n<div class=\"wp-block-group small-icon has-background has-global-padding is-content-justification-center is-layout-constrained wp-container-core-group-is-layout-53dde59a wp-block-group-is-layout-constrained\" style=\"background-color:#ff820d;padding-top:var(--wp--preset--spacing--20);padding-right:var(--wp--preset--spacing--20);padding-bottom:var(--wp--preset--spacing--20);padding-left:var(--wp--preset--spacing--20)\">\n<figure class=\"wp-block-image aligncenter size-full is-resized wp-duotone-ffffff-ffffff-6\"><img loading=\"lazy\" decoding=\"async\" width=\"1000\" height=\"1000\" src=\"http:\/\/www.vefademircelik.com\/wp-content\/uploads\/2025\/10\/vefa-demir-celik-8.png\" alt=\"\" class=\"wp-image-36\" style=\"object-fit:cover;width:35px;height:auto\" srcset=\"https:\/\/vefademircelik.com\/wp-content\/uploads\/2025\/10\/vefa-demir-celik-8.png 1000w, https:\/\/vefademircelik.com\/wp-content\/uploads\/2025\/10\/vefa-demir-celik-8-300x300.png 300w, https:\/\/vefademircelik.com\/wp-content\/uploads\/2025\/10\/vefa-demir-celik-8-150x150.png 150w, https:\/\/vefademircelik.com\/wp-content\/uploads\/2025\/10\/vefa-demir-celik-8-768x768.png 768w\" sizes=\"auto, (max-width: 1000px) 100vw, 1000px\" \/><\/figure>\n<\/div>\n\n\n\n<h3 class=\"wp-block-heading has-text-align-center\" style=\"font-size:clamp(14.082px, 0.88rem + ((1vw - 3.2px) * 0.844), 21px);font-style:normal;font-weight:500\">Saha Montaj ve Uygulama<\/h3>\n\n\n\n<p class=\"has-text-align-center\">\u0130malat\u0131n\u0131 tamamlad\u0131\u011f\u0131m\u0131z t\u00fcm yap\u0131lar\u0131n \u015fantiyenizde veya tesisinizde g\u00fcvenli ve h\u0131zl\u0131 bir \u015fekilde montaj\u0131n\u0131 yap\u0131yoruz. Projenizi anahtar teslim olarak tamaml\u0131yoruz.<\/p>\n<\/div>\n<\/div>\n<\/div>\n<\/div>\n","protected":false},"excerpt":{"rendered":"<p>\u00c7\u00f6z\u00fcm Odakl\u0131 Hizmet Anlay\u0131\u015f\u0131m\u0131zSizin \u0130\u00e7in Neler Yapabiliriz? Projelendirme ve Dan\u0131\u015fmanl\u0131k Projelerinizin statik hesaplamalar\u0131ndan 3D modellemesine kadar t\u00fcm m\u00fchendislik ve tasar\u0131m s\u00fcre\u00e7lerinde size yol g\u00f6steriyoruz. Fikirden ger\u00e7e\u011fe en do\u011fru ve en verimli yolu birlikte planlayal\u0131m. \u00c7elik Konstr\u00fcksiyon End\u00fcstriyel tesisler, fabrikalar, depolar ve \u00f6zel yap\u0131lar i\u00e7in A&#8217;dan Z&#8217;ye \u00e7elik konstr\u00fcksiyon imalat\u0131 yap\u0131yoruz. Sa\u011flaml\u0131\u011f\u0131 ve esteti\u011fi bir araya [&hellip;]<\/p>\n","protected":false},"author":1,"featured_media":0,"parent":0,"menu_order":0,"comment_status":"closed","ping_status":"closed","template":"","meta":{"footnotes":""},"class_list":["post-27","page","type-page","status-publish","hentry"],"_links":{"self":[{"href":"https:\/\/vefademircelik.com\/index.php?rest_route=\/wp\/v2\/pages\/27","targetHints":{"allow":["GET"]}}],"collection":[{"href":"https:\/\/vefademircelik.com\/index.php?rest_route=\/wp\/v2\/pages"}],"about":[{"href":"https:\/\/vefademircelik.com\/index.php?rest_route=\/wp\/v2\/types\/page"}],"author":[{"embeddable":true,"href":"https:\/\/vefademircelik.com\/index.php?rest_route=\/wp\/v2\/users\/1"}],"replies":[{"embeddable":true,"href":"https:\/\/vefademircelik.com\/index.php?rest_route=%2Fwp%2Fv2%2Fcomments&post=27"}],"version-history":[{"count":1,"href":"https:\/\/vefademircelik.com\/index.php?rest_route=\/wp\/v2\/pages\/27\/revisions"}],"predecessor-version":[{"id":38,"href":"https:\/\/vefademircelik.com\/index.php?rest_route=\/wp\/v2\/pages\/27\/revisions\/38"}],"wp:attachment":[{"href":"https:\/\/vefademircelik.com\/index.php?rest_route=%2Fwp%2Fv2%2Fmedia&parent=27"}],"curies":[{"name":"wp","href":"https:\/\/api.w.org\/{rel}","templated":true}]}}